{"id":2559,"date":"2024-01-11T08:33:14","date_gmt":"2024-01-11T07:33:14","guid":{"rendered":"https:\/\/mangelmachtkrank.de\/otisk\/"},"modified":"2024-05-15T11:27:38","modified_gmt":"2024-05-15T09:27:38","slug":"otisk","status":"publish","type":"page","link":"https:\/\/mangelmachtkrank.de\/cs\/otisk\/","title":{"rendered":"Otisk"},"content":{"rendered":"\t\t<div data-elementor-type=\"wp-page\" data-elementor-id=\"2559\" class=\"elementor elementor-2559 elementor-1546\" data-elementor-post-type=\"page\">\n\t\t\t\t<div class=\"elementor-element elementor-element-a57dc04 e-flex e-con-boxed e-con e-parent\" data-id=\"a57dc04\" data-element_type=\"container\" data-e-type=\"container\">\n\t\t\t\t\t<div class=\"e-con-inner\">\n\t\t\t\t<div class=\"elementor-element elementor-element-2197cf8 elementor-widget elementor-widget-text-editor\" data-id=\"2197cf8\" data-element_type=\"widget\" data-e-type=\"widget\" data-widget_type=\"text-editor.default\">\n\t\t\t\t<div class=\"elementor-widget-container\">\n\t\t\t\t\t\t\t\t\t<h1>Otisk<\/h1>\n<h2>Informace podle \u00a7 5 TMG<\/h2>\n<p>Chyt\u0159ej\u0161\u00ed medic\u00edna UG<br \/>Altenseeweg 13<br \/>92536 Pfreimd<\/p>\n<p><strong>Zastoupen\u00e1:<\/strong><br \/>Wolfgang Endres<\/p>\n<h2>Kontaktujte n\u00e1s<\/h2>\n<p>Telefon: <a href=\"tel:+4915756552989\">+49 157 &#8211; 5655 2989<\/a><br \/>E-mail: <a href=\"mailto:info@magelmachtkrank.de\">info@magelmachtkrank.de<\/a><\/p>\n<h2>Redak\u010dn\u00ed odpov\u011bdnost<\/h2>\n<p>Wolfgang Endres<\/p>\n<h2>\u0158e\u0161en\u00ed spor\u016f v EU<\/h2>\n<p>Evropsk\u00e1 komise poskytuje platformu pro online \u0159e\u0161en\u00ed spor\u016f (OS): <a href=\"https:\/\/ec.europa.eu\/consumers\/odr\/\" target=\"_blank\" rel=\"noopener noreferrer\">https:\/\/ec.europa.eu\/consumers\/odr\/<\/a>.<br \/>Na\u0161i e-mailovou adresu najdete v pr\u00e1vn\u00edm upozorn\u011bn\u00ed v\u00fd\u0161e.<\/p>\n<h2>\u0158e\u0161en\u00ed spot\u0159ebitelsk\u00fdch spor\u016f\/univerz\u00e1ln\u00ed rozhod\u010d\u00ed centrum<\/h2>\n<p>Nejsme ochotni ani povinni \u00fa\u010dastnit se \u0159\u00edzen\u00ed o \u0159e\u0161en\u00ed spor\u016f p\u0159ed spot\u0159ebitelskou rozhod\u010d\u00ed komis\u00ed.<\/p>\n<p>Realizace a koncepce CP\u00b2-Medkom 2024<\/p>\n\t\t\t\t\t\t\t\t<\/div>\n\t\t\t\t<\/div>\n\t\t\t\t\t<\/div>\n\t\t\t\t<\/div>\n\t\t\t\t<\/div>\n\t\t","protected":false},"excerpt":{"rendered":"<p>Otisk Informace podle \u00a7 5 TMG Chyt\u0159ej\u0161\u00ed medic\u00edna UGAltenseeweg 1392536 Pfreimd Zastoupen\u00e1:Wolfgang Endres Kontaktujte n\u00e1s Telefon: +49 157 &#8211; 5655 2989E-mail: info@magelmachtkrank.de Redak\u010dn\u00ed odpov\u011bdnost Wolfgang Endres \u0158e\u0161en\u00ed spor\u016f v EU Evropsk\u00e1 komise poskytuje platformu pro online \u0159e\u0161en\u00ed spor\u016f (OS): https:\/\/ec.europa.eu\/consumers\/odr\/.Na\u0161i e-mailovou adresu najdete v pr\u00e1vn\u00edm upozorn\u011bn\u00ed v\u00fd\u0161e. \u0158e\u0161en\u00ed spot\u0159ebitelsk\u00fdch spor\u016f\/univerz\u00e1ln\u00ed rozhod\u010d\u00ed centrum Nejsme ochotni ani [&hellip;]<\/p>\n","protected":false},"author":3,"featured_media":0,"parent":0,"menu_order":0,"comment_status":"closed","ping_status":"closed","template":"","meta":{"footnotes":""},"class_list":["post-2559","page","type-page","status-publish","hentry"],"_links":{"self":[{"href":"https:\/\/mangelmachtkrank.de\/cs\/wp-json\/wp\/v2\/pages\/2559","targetHints":{"allow":["GET"]}}],"collection":[{"href":"https:\/\/mangelmachtkrank.de\/cs\/wp-json\/wp\/v2\/pages"}],"about":[{"href":"https:\/\/mangelmachtkrank.de\/cs\/wp-json\/wp\/v2\/types\/page"}],"author":[{"embeddable":true,"href":"https:\/\/mangelmachtkrank.de\/cs\/wp-json\/wp\/v2\/users\/3"}],"replies":[{"embeddable":true,"href":"https:\/\/mangelmachtkrank.de\/cs\/wp-json\/wp\/v2\/comments?post=2559"}],"version-history":[{"count":0,"href":"https:\/\/mangelmachtkrank.de\/cs\/wp-json\/wp\/v2\/pages\/2559\/revisions"}],"wp:attachment":[{"href":"https:\/\/mangelmachtkrank.de\/cs\/wp-json\/wp\/v2\/media?parent=2559"}],"curies":[{"name":"wp","href":"https:\/\/api.w.org\/{rel}","templated":true}]}}