{"id":2069,"date":"2024-01-11T08:33:14","date_gmt":"2024-01-11T07:33:14","guid":{"rendered":"https:\/\/mangelmachtkrank.de\/pie-de-imprenta\/"},"modified":"2024-05-15T11:09:08","modified_gmt":"2024-05-15T09:09:08","slug":"pie-de-imprenta","status":"publish","type":"page","link":"https:\/\/mangelmachtkrank.de\/es\/pie-de-imprenta\/","title":{"rendered":"Pie de imprenta"},"content":{"rendered":"\t\t<div data-elementor-type=\"wp-page\" data-elementor-id=\"2069\" class=\"elementor elementor-2069 elementor-1546\" data-elementor-post-type=\"page\">\n\t\t\t\t<div class=\"elementor-element elementor-element-a57dc04 e-flex e-con-boxed e-con e-parent\" data-id=\"a57dc04\" data-element_type=\"container\" data-e-type=\"container\">\n\t\t\t\t\t<div class=\"e-con-inner\">\n\t\t\t\t<div class=\"elementor-element elementor-element-2197cf8 elementor-widget elementor-widget-text-editor\" data-id=\"2197cf8\" data-element_type=\"widget\" data-e-type=\"widget\" data-widget_type=\"text-editor.default\">\n\t\t\t\t<div class=\"elementor-widget-container\">\n\t\t\t\t\t\t\t\t\t<h1>Pie de imprenta<\/h1>\n<h2>Informaci\u00f3n seg\u00fan \u00a7 5 TMG<\/h2>\n<p>La medicina m\u00e1s inteligente UG<br \/>Altenseeweg 13<br \/>92536 Pfreimd<\/p>\n<p><strong>Representado por:<\/strong><br \/>Wolfgang Endres<\/p>\n<h2>Contacta con nosotros<\/h2>\n<p>Tel\u00e9fono: <a href=\"tel:+4915756552989\">+49 157 &#8211; 5655 2989<\/a><br \/>Correo electr\u00f3nico: <a href=\"mailto:info@magelmachtkrank.de\">info@magelmachtkrank.de<\/a><\/p>\n<h2>Editorialmente responsable<\/h2>\n<p>Wolfgang Endres<\/p>\n<h2>Resoluci\u00f3n de litigios en la UE<\/h2>\n<p>La Comisi\u00f3n Europea ofrece una plataforma de resoluci\u00f3n de litigios en l\u00ednea (OS): <a href=\"https:\/\/ec.europa.eu\/consumers\/odr\/\" target=\"_blank\" rel=\"noopener noreferrer\">https:\/\/ec.europa.eu\/consumers\/odr\/<\/a>.<br \/>Puedes encontrar nuestra direcci\u00f3n de correo electr\u00f3nico en el aviso legal anterior.<\/p>\n<h2>Resoluci\u00f3n de litigios de consumo\/centro de arbitraje universal<\/h2>\n<p>No estamos dispuestos ni obligados a participar en procedimientos de resoluci\u00f3n de litigios ante una junta de arbitraje de consumo.<\/p>\n<p>Realizaci\u00f3n y concepci\u00f3n del CP\u00b2-Medkom 2024<\/p>\n\t\t\t\t\t\t\t\t<\/div>\n\t\t\t\t<\/div>\n\t\t\t\t\t<\/div>\n\t\t\t\t<\/div>\n\t\t\t\t<\/div>\n\t\t","protected":false},"excerpt":{"rendered":"<p>Pie de imprenta Informaci\u00f3n seg\u00fan \u00a7 5 TMG La medicina m\u00e1s inteligente UGAltenseeweg 1392536 Pfreimd Representado por:Wolfgang Endres Contacta con nosotros Tel\u00e9fono: +49 157 &#8211; 5655 2989Correo electr\u00f3nico: info@magelmachtkrank.de Editorialmente responsable Wolfgang Endres Resoluci\u00f3n de litigios en la UE La Comisi\u00f3n Europea ofrece una plataforma de resoluci\u00f3n de litigios en l\u00ednea (OS): https:\/\/ec.europa.eu\/consumers\/odr\/.Puedes encontrar nuestra [&hellip;]<\/p>\n","protected":false},"author":3,"featured_media":0,"parent":0,"menu_order":0,"comment_status":"closed","ping_status":"closed","template":"","meta":{"footnotes":""},"class_list":["post-2069","page","type-page","status-publish","hentry"],"_links":{"self":[{"href":"https:\/\/mangelmachtkrank.de\/es\/wp-json\/wp\/v2\/pages\/2069","targetHints":{"allow":["GET"]}}],"collection":[{"href":"https:\/\/mangelmachtkrank.de\/es\/wp-json\/wp\/v2\/pages"}],"about":[{"href":"https:\/\/mangelmachtkrank.de\/es\/wp-json\/wp\/v2\/types\/page"}],"author":[{"embeddable":true,"href":"https:\/\/mangelmachtkrank.de\/es\/wp-json\/wp\/v2\/users\/3"}],"replies":[{"embeddable":true,"href":"https:\/\/mangelmachtkrank.de\/es\/wp-json\/wp\/v2\/comments?post=2069"}],"version-history":[{"count":0,"href":"https:\/\/mangelmachtkrank.de\/es\/wp-json\/wp\/v2\/pages\/2069\/revisions"}],"wp:attachment":[{"href":"https:\/\/mangelmachtkrank.de\/es\/wp-json\/wp\/v2\/media?parent=2069"}],"curies":[{"name":"wp","href":"https:\/\/api.w.org\/{rel}","templated":true}]}}