{"id":2162,"date":"2024-01-11T08:41:25","date_gmt":"2024-01-11T07:41:25","guid":{"rendered":"https:\/\/mangelmachtkrank.de\/proteccion-de-datos\/"},"modified":"2024-05-15T11:09:18","modified_gmt":"2024-05-15T09:09:18","slug":"proteccion-de-datos","status":"publish","type":"page","link":"https:\/\/mangelmachtkrank.de\/es\/proteccion-de-datos\/","title":{"rendered":"Protecci\u00f3n de datos"},"content":{"rendered":"\t\t<div data-elementor-type=\"wp-page\" data-elementor-id=\"2162\" class=\"elementor elementor-2162 elementor-1552\" data-elementor-post-type=\"page\">\n\t\t\t\t<div class=\"elementor-element elementor-element-9972301 e-flex e-con-boxed e-con e-parent\" data-id=\"9972301\" data-element_type=\"container\" data-e-type=\"container\">\n\t\t\t\t\t<div class=\"e-con-inner\">\n\t\t\t\t<div class=\"elementor-element elementor-element-b032b68 elementor-widget elementor-widget-text-editor\" data-id=\"b032b68\" data-element_type=\"widget\" data-e-type=\"widget\" data-widget_type=\"text-editor.default\">\n\t\t\t\t<div class=\"elementor-widget-container\">\n\t\t\t\t\t\t\t\t\t<h1>Pol\u00edtica de privacidad<\/h1>\n<h2>1. la protecci\u00f3n de datos de un vistazo<\/h2>\n<h3>Informaci\u00f3n general<\/h3>\n<p>La siguiente informaci\u00f3n proporciona una visi\u00f3n general sencilla de lo que ocurre con tus datos personales cuando visitas este sitio web. Los datos personales son todos los datos con los que se te puede identificar personalmente. Puedes encontrar informaci\u00f3n detallada sobre el tema de la protecci\u00f3n de datos en nuestra pol\u00edtica de privacidad que aparece debajo de este texto.<\/p>\n<h3>Recogida de datos en este sitio web<\/h3>\n<h4>\u00bfQui\u00e9n es responsable de la recogida de datos en este sitio web?<\/h4>\n<p>El tratamiento de datos en este sitio web lo lleva a cabo el operador del sitio web. Puedes encontrar sus datos de contacto en la secci\u00f3n \u00abInformaci\u00f3n sobre el responsable del tratamiento\u00bb de esta pol\u00edtica de privacidad.<\/p>\n<h4>\u00bfC\u00f3mo recogemos tus datos?<\/h4>\n<p>Por un lado, tus datos se recogen cuando nos los proporcionas. Puede tratarse, por ejemplo, de datos que introduces en un formulario de contacto.<\/p>\n<p>Nuestros sistemas inform\u00e1ticos recogen otros datos autom\u00e1ticamente o con tu consentimiento cuando visitas el sitio web. Se trata principalmente de datos t\u00e9cnicos (por ejemplo, navegador de Internet, sistema operativo u hora de visualizaci\u00f3n de la p\u00e1gina). Estos datos se recogen autom\u00e1ticamente en cuanto entras en este sitio web.<\/p>\n<h4>\u00bfPara qu\u00e9 utilizamos tus datos?<\/h4>\n<p>Algunos de los datos se recogen para garantizar que el sitio web se proporciona sin errores. Otros datos pueden utilizarse para analizar tu comportamiento como usuario.<\/p>\n<h4>\u00bfQu\u00e9 derechos tienes en relaci\u00f3n con tus datos?<\/h4>\n<p>Tienes derecho a recibir informaci\u00f3n sobre el origen, destinatario y finalidad de tus datos personales almacenados de forma gratuita en cualquier momento. Tambi\u00e9n tienes derecho a solicitar la rectificaci\u00f3n o supresi\u00f3n de estos datos. Si has dado tu consentimiento al tratamiento de datos, puedes revocarlo en cualquier momento para el futuro. Tambi\u00e9n tienes derecho a solicitar la limitaci\u00f3n del tratamiento de tus datos personales en determinadas circunstancias. Adem\u00e1s, tienes derecho a presentar una reclamaci\u00f3n ante la autoridad de control competente.<\/p>\n<p>Puedes ponerte en contacto con nosotros en cualquier momento si tienes m\u00e1s preguntas sobre el tema de la protecci\u00f3n de datos.<\/p>\n<h2>2. alojamiento<\/h2>\n<p>Alojamos el contenido de nuestro sitio web con el siguiente proveedor:<\/p>\n<h3>IONOS<\/h3>\n<p>El proveedor es IONOS SE, Elgendorfer Str. 57, 56410 Montabaur (en adelante, IONOS). Cuando visitas nuestro sitio web, IONOS registra varios archivos de registro, incluidas tus direcciones IP. Puedes encontrar m\u00e1s detalles en la pol\u00edtica de privacidad de IONOS: <a href=\"https:\/\/www.ionos.de\/terms-gtc\/terms-privacy\" target=\"_blank\" rel=\"noopener noreferrer\">https:\/\/www.ionos.de\/terms-gtc\/terms-privacy.<\/a><\/p>\n<p>El uso de IONOS se basa en el Art. 6 p\u00e1rr. 1 lit. f GDPR. Tenemos un inter\u00e9s leg\u00edtimo en garantizar que nuestro sitio web se muestre de la forma m\u00e1s fiable posible. Si se ha solicitado el correspondiente consentimiento, el tratamiento se lleva a cabo exclusivamente sobre la base del Art. 6 p\u00e1rr. 1 lit. a GDPR y \u00a7 25 p\u00e1rr. 1 TTDSG, en la medida en que el consentimiento incluya el almacenamiento de cookies o el acceso a informaci\u00f3n en el dispositivo final del usuario (por ejemplo, huella digital del dispositivo) en el sentido de la TTDSG. El consentimiento puede revocarse en cualquier momento.<\/p>\n<h4>Tramitaci\u00f3n de pedidos<\/h4>\n<p>Hemos celebrado un acuerdo de tramitaci\u00f3n de pedidos (AVV) para el uso del servicio mencionado. Se trata de un contrato prescrito por la ley de protecci\u00f3n de datos, que garantiza que el responsable del tratamiento procesa los datos personales de los visitantes de nuestro sitio web s\u00f3lo de acuerdo con nuestras instrucciones y de conformidad con el GDPR.<\/p>\n<h2>3 Notas generales e informaci\u00f3n obligatoria<\/h2>\n<h3>Protecci\u00f3n de datos<\/h3>\n<p>Los operadores de estas p\u00e1ginas se toman muy en serio la protecci\u00f3n de tus datos personales. Tratamos tus datos personales de forma confidencial y de acuerdo con las normas legales de protecci\u00f3n de datos y esta pol\u00edtica de privacidad.<\/p>\n<p>Cuando utilizas este sitio web, se recogen diversos datos personales. Los datos personales son datos que pueden utilizarse para identificarte personalmente. Esta pol\u00edtica de privacidad explica qu\u00e9 datos recogemos y para qu\u00e9 los utilizamos. Tambi\u00e9n explica c\u00f3mo y para qu\u00e9 se hace.<\/p>\n<p>Nos gustar\u00eda se\u00f1alar que la transmisi\u00f3n de datos a trav\u00e9s de Internet (por ejemplo, al comunicarse por correo electr\u00f3nico) puede tener lagunas de seguridad. No es posible una protecci\u00f3n completa de los datos contra el acceso de terceros.<\/p>\n<h3>Nota sobre el organismo responsable<\/h3>\n<p>El responsable del tratamiento de datos en este sitio web es<\/p>\n<p>La medicina m\u00e1s inteligente UG<br \/>Wolfgang Endres<br \/>Altenseeweg 13<br \/>92536 Pfreimd<\/p>\n<p>Tel\u00e9fono: <a href=\"tel:+4915756552989\">+49 157 &#8211; 5655 2989<\/a><br \/>Correo electr\u00f3nico: <a href=\"mailto:info@mangelmachtkrank.de\">info@mangelmachtkrank.de<\/a><\/p>\n<p>El responsable del tratamiento es la persona f\u00edsica o jur\u00eddica que, sola o conjuntamente con otras, determina los fines y los medios del tratamiento de los datos personales (por ejemplo, nombres, direcciones de correo electr\u00f3nico, etc.).<\/p>\n<h3>Duraci\u00f3n del almacenamiento<\/h3>\n<p>A menos que se haya especificado un periodo de almacenamiento m\u00e1s concreto en esta pol\u00edtica de privacidad, tus datos personales permanecer\u00e1n con nosotros hasta que deje de ser aplicable la finalidad del tratamiento de datos. Si haces valer una solicitud justificada de supresi\u00f3n o revocas tu consentimiento para el tratamiento de datos, tus datos ser\u00e1n suprimidos, a menos que tengamos otros motivos legalmente permitidos para almacenar tus datos personales (por ejemplo, periodos de conservaci\u00f3n en virtud de la legislaci\u00f3n fiscal o mercantil); en este \u00faltimo caso, la supresi\u00f3n se producir\u00e1 una vez que estos motivos hayan dejado de ser aplicables.<\/p>\n<h3>Informaci\u00f3n general sobre la base jur\u00eddica del tratamiento de datos en este sitio web<\/h3>\n<p>Si has dado tu consentimiento para el tratamiento de datos, procesamos tus datos personales sobre la base del Art. 6 p\u00e1rr. 1 lit. a GDPR y Art. 9 p\u00e1rr. 2 lit. a GDPR, en la medida en que las categor\u00edas especiales de datos de conformidad con el Art. 9 p\u00e1rr. 1 GDPR. En caso de consentimiento expreso a la transferencia de datos personales a terceros pa\u00edses, el tratamiento de datos tambi\u00e9n se lleva a cabo sobre la base del Art. 49 p\u00e1rr. 1 lit. a GDPR. Si has consentido el almacenamiento de cookies o el acceso a informaci\u00f3n en tu dispositivo final (por ejemplo, a trav\u00e9s de la huella digital del dispositivo), el tratamiento de datos tambi\u00e9n se lleva a cabo sobre la base de la Secci\u00f3n 25 (1) del GDPR. 1 TTDSG. El consentimiento puede revocarse en cualquier momento. Si tus datos son necesarios para el cumplimiento del contrato o para la aplicaci\u00f3n de medidas precontractuales, procesamos tus datos sobre la base del Art. 6 p\u00e1rr. 1 lit. b GDPR. Adem\u00e1s, procesamos tus datos si es necesario para cumplir una obligaci\u00f3n legal sobre la base del Art. 6 p\u00e1rr. 1 lit. c GDPR. El tratamiento de datos tambi\u00e9n puede basarse en nuestro inter\u00e9s leg\u00edtimo de acuerdo con el Art. 6 p\u00e1rrafo. 1 lit. f Se debe llevar a cabo la DSGVO. En los p\u00e1rrafos siguientes de esta pol\u00edtica de privacidad se facilita informaci\u00f3n sobre la base jur\u00eddica pertinente en cada caso concreto.<\/p>\n<h3>Destinatarios de los datos personales<\/h3>\n<p>En el marco de nuestras actividades empresariales, colaboramos con diversas organizaciones externas. En algunos casos, tambi\u00e9n es necesario transferir datos personales a estos organismos externos. S\u00f3lo transmitimos datos personales a organismos externos si es necesario para el cumplimiento de un contrato, si estamos legalmente obligados a hacerlo (por ejemplo, transmitir datos a las autoridades fiscales), si tenemos un inter\u00e9s leg\u00edtimo de acuerdo con el Art. 6 p\u00e1rrafo 1 lit. a GDPR o si tenemos un inter\u00e9s leg\u00edtimo en el tratamiento de datos personales. 1 lit. f GDPR o si otra base jur\u00eddica permite la transferencia de datos. Cuando utilizamos procesadores, s\u00f3lo transmitimos los datos personales de nuestros clientes sobre la base de un contrato v\u00e1lido para el procesamiento de pedidos. En caso de tratamiento conjunto, se celebra un acuerdo de tratamiento conjunto.<\/p>\n<h3>Revocaci\u00f3n de tu consentimiento para el tratamiento de datos<\/h3>\n<p>Muchas operaciones de tratamiento de datos s\u00f3lo son posibles con tu consentimiento expreso. Puedes revocar tu consentimiento en cualquier momento. La legalidad del tratamiento de datos realizado hasta la revocaci\u00f3n no se ver\u00e1 afectada por \u00e9sta.<\/p>\n<h3>Derecho a oponerse a la recogida de datos en casos especiales y a la mercadotecnia directa (Art. 21 GDPR)<\/h3>\n<p>SI EL TRATAMIENTO DE DATOS SE BASA EN EL ART. 6 ABS. 1 LIT. E O F GDPR, TIENES DERECHO A OPONERTE AL TRATAMIENTO DE TUS DATOS PERSONALES EN CUALQUIER MOMENTO POR MOTIVOS RELACIONADOS CON TU SITUACI\u00d3N PARTICULAR; ESTO TAMBI\u00c9N SE APLICA A LA ELABORACI\u00d3N DE PERFILES BASADA EN ESTAS DISPOSICIONES. LA BASE JUR\u00cdDICA RESPECTIVA EN LA QUE SE BASA EL PROCESAMIENTO SE PUEDE ENCONTRAR EN ESTA POL\u00cdTICA DE PRIVACIDAD. SI TE OPONES, DEJAREMOS DE TRATAR TUS DATOS PERSONALES EN CUESTI\u00d3N, A MENOS QUE PODAMOS DEMOSTRAR MOTIVOS LEG\u00cdTIMOS IMPERIOSOS PARA EL TRATAMIENTO QUE PREVALEZCAN SOBRE TUS INTERESES, DERECHOS Y LIBERTADES, O QUE EL TRATAMIENTO SIRVA PARA EL RECONOCIMIENTO, EJERCICIO O DEFENSA DE RECLAMACIONES JUDICIALES (OPOSICI\u00d3N EN VIRTUD DEL ART\u00cdCULO 21, APARTADO 1, DEL RGPD).<\/p>\n<p>SI TUS DATOS PERSONALES SE TRATAN CON FINES DE MERCADOTECNIA DIRECTA, TIENES DERECHO A OPONERTE EN CUALQUIER MOMENTO AL TRATAMIENTO DE LOS DATOS PERSONALES QUE TE CONCIERNEN CON FINES DE DICHA MERCADOTECNIA, LO QUE INCLUYE LA ELABORACI\u00d3N DE PERFILES EN LA MEDIDA EN QUE EST\u00c9 RELACIONADA CON DICHA MERCADOTECNIA DIRECTA. SI TE OPONES, TUS DATOS PERSONALES DEJAR\u00c1N DE UTILIZARSE POSTERIORMENTE PARA FINES DE MARKETING DIRECTO (OPOSICI\u00d3N CONFORME AL ART. 21, APDO. 2 DEL GDPR).<\/p>\n<h3>Derecho a presentar una reclamaci\u00f3n ante la autoridad de control competente<\/h3>\n<p>En caso de infracci\u00f3n del RGPD, los interesados tienen derecho a presentar una reclamaci\u00f3n ante una autoridad de control, en particular en el Estado miembro de su residencia habitual, lugar de trabajo o lugar de la presunta infracci\u00f3n. El derecho de recurso existe sin perjuicio de otros recursos administrativos o judiciales.<\/p>\n<h3>Derecho a la portabilidad de los datos<\/h3>\n<p>Tienes derecho a que los datos que procesamos autom\u00e1ticamente sobre la base de tu consentimiento o en cumplimiento de un contrato te sean entregados a ti o a un tercero en un formato de uso com\u00fan legible por m\u00e1quina. Si solicitas la transferencia directa de los datos a otro responsable del tratamiento, s\u00f3lo se har\u00e1 en la medida en que sea t\u00e9cnicamente factible.<\/p>\n<h3>Informaci\u00f3n, rectificaci\u00f3n y supresi\u00f3n<\/h3>\n<p>En el marco de las disposiciones legales aplicables, tienes derecho en todo momento a obtener informaci\u00f3n gratuita sobre tus datos personales almacenados, su origen y destinatario y la finalidad del tratamiento de datos y, si es necesario, derecho a la rectificaci\u00f3n o supresi\u00f3n de estos datos. Puedes ponerte en contacto con nosotros en cualquier momento si tienes m\u00e1s preguntas sobre el tema de los datos personales.<\/p>\n<h3>Derecho a la limitaci\u00f3n del tratamiento<\/h3>\n<p>Tienes derecho a solicitar la limitaci\u00f3n del tratamiento de tus datos personales. Para ello, puedes ponerte en contacto con nosotros en cualquier momento. El derecho a la restricci\u00f3n del tratamiento existe en los siguientes casos:<\/p>\n<ul>\n<li>Si impugnas la exactitud de tus datos personales almacenados por nosotros, normalmente necesitamos tiempo para comprobarlo. Mientras dure la revisi\u00f3n, tienes derecho a solicitar que se restrinja el tratamiento de tus datos personales.<\/li>\n<li>Si el tratamiento de tus datos personales fue\/es ilegal, puedes solicitar la limitaci\u00f3n del tratamiento de datos en lugar de su supresi\u00f3n.<\/li>\n<li>Si ya no necesitamos tus datos personales, pero t\u00fa los necesitas para el ejercicio, defensa o reclamaci\u00f3n de acciones legales, tienes derecho a solicitar la limitaci\u00f3n del tratamiento de tus datos personales en lugar de su supresi\u00f3n.<\/li>\n<li>Si presentas una objeci\u00f3n conforme al Art. 21 p\u00e1rr. 1 GDPR, debe alcanzarse un equilibrio entre tus intereses y los nuestros. Mientras no se haya determinado qu\u00e9 intereses prevalecen, tienes derecho a exigir la restricci\u00f3n del tratamiento de tus datos personales.<\/li>\n<\/ul>\n<p>Si has restringido el tratamiento de tus datos personales, estos datos -aparte de su almacenamiento- s\u00f3lo podr\u00e1n tratarse con tu consentimiento o para el reconocimiento, ejercicio o defensa de reclamaciones judiciales o para la protecci\u00f3n de los derechos de otra persona f\u00edsica o jur\u00eddica o por razones de inter\u00e9s p\u00fablico importante de la Uni\u00f3n Europea o de un Estado miembro.<\/p>\n<h3>Encriptaci\u00f3n SSL o TLS<\/h3>\n<p>Este sitio utiliza encriptaci\u00f3n SSL o TLS por motivos de seguridad y para proteger la transmisi\u00f3n de contenido confidencial, como pedidos o consultas que nos env\u00edes como operador del sitio. Puedes reconocer una conexi\u00f3n encriptada por el hecho de que la l\u00ednea de direcci\u00f3n del navegador cambia de \u00abhttp:\/\/\u00bb a \u00abhttps:\/\/\u00bb y por el s\u00edmbolo del candado en la l\u00ednea de tu navegador.<\/p>\n<p>Si la encriptaci\u00f3n SSL o TLS est\u00e1 activada, los datos que nos transmitas no podr\u00e1n ser le\u00eddos por terceros.<\/p>\n<h2>4. recogida de datos en este sitio web<\/h2>\n<h3>Cookies<\/h3>\n<p>Nuestras p\u00e1ginas de Internet utilizan las llamadas \u00abcookies\u00bb. Las cookies son peque\u00f1os paquetes de datos y no causan ning\u00fan da\u00f1o a tu dispositivo final. Se almacenan temporalmente durante la duraci\u00f3n de una sesi\u00f3n (cookies de sesi\u00f3n) o permanentemente (cookies permanentes) en tu dispositivo final. Las cookies de sesi\u00f3n se eliminan autom\u00e1ticamente al final de tu visita. Las cookies permanentes permanecen almacenadas en tu dispositivo final hasta que t\u00fa mismo las eliminas o hasta que tu navegador las elimina autom\u00e1ticamente.<\/p>\n<p>Las cookies pueden proceder de nosotros (cookies de origen) o de terceras empresas (las llamadas cookies de terceros). Las cookies de terceros permiten la integraci\u00f3n de determinados servicios de terceras empresas en los sitios web (por ejemplo, cookies para procesar servicios de pago).<\/p>\n<p>Las cookies tienen varias funciones. Muchas cookies son t\u00e9cnicamente necesarias, ya que algunas funciones del sitio web no funcionar\u00edan sin ellas (por ejemplo, la funci\u00f3n de cesta de la compra o la visualizaci\u00f3n de v\u00eddeos). Otras cookies pueden utilizarse para evaluar el comportamiento del usuario o con fines publicitarios.<\/p>\n<p>Las cookies que son necesarias para llevar a cabo el proceso de comunicaci\u00f3n electr\u00f3nica, para proporcionar ciertas funciones que has solicitado (por ejemplo, para la funci\u00f3n de cesta de la compra) o para optimizar el sitio web (por ejemplo, cookies para medir la audiencia de la web) (cookies necesarias) se almacenan sobre la base del Art. 6 p\u00e1rrafo 1 lit. a GDPR. 1 lit. f GDPR, a menos que se especifique otra base jur\u00eddica. El operador del sitio web tiene un inter\u00e9s leg\u00edtimo en el almacenamiento de las cookies necesarias para la prestaci\u00f3n t\u00e9cnicamente sin errores y optimizada de sus servicios. Si se ha solicitado el consentimiento para el almacenamiento de cookies y tecnolog\u00edas de reconocimiento comparables, el procesamiento se lleva a cabo exclusivamente sobre la base de este consentimiento (Art. 6 p\u00e1rr. 1 lit. a GDPR y \u00a7 25 p\u00e1rr. 1 TTDSG); el consentimiento puede revocarse en cualquier momento.<\/p>\n<p>Puedes configurar tu navegador para que te informe sobre la instalaci\u00f3n de cookies y permitirlas s\u00f3lo en casos individuales, excluir la aceptaci\u00f3n de cookies para determinados casos o en general y activar la eliminaci\u00f3n autom\u00e1tica de cookies al cerrar el navegador. Si se desactivan las cookies, la funcionalidad de este sitio web puede verse restringida.<\/p>\n<p>Puedes averiguar qu\u00e9 cookies y servicios se utilizan en este sitio web en esta pol\u00edtica de privacidad.<\/p>\n<h3>Consentimiento con Complianz<\/h3>\n<p>Nuestro sitio web utiliza la tecnolog\u00eda de consentimiento de Complianz para obtener tu consentimiento para el almacenamiento de determinadas cookies en tu dispositivo final o para el uso de determinadas tecnolog\u00edas y para documentarlas en cumplimiento de la normativa de protecci\u00f3n de datos. El proveedor de esta tecnolog\u00eda es Complianz B.V., Kalmarweg 14-5, 9723 JG Groningen, Pa\u00edses Bajos (en adelante, \u00abComplianz\u00bb).<\/p>\n<p>Complianz est\u00e1 alojado en nuestros servidores, por lo que no se establece ninguna conexi\u00f3n con los servidores del proveedor de Complianz. Complianz almacena una cookie en tu navegador para poder asignar los consentimientos que has dado o revocarlos. Los datos recogidos de esta forma se almacenan hasta que nos pidas que los eliminemos, hasta que t\u00fa mismo elimines la cookie Complianz o hasta que el prop\u00f3sito para almacenar los datos deje de ser aplicable. Las obligaciones legales de conservaci\u00f3n no se ven afectadas.<\/p>\n<p>Complianz se utiliza para obtener el consentimiento legalmente requerido para el uso de cookies. La base jur\u00eddica para ello es el Art. 6 p\u00e1rr. 1 lit. c GDPR.<\/p>\n<h3>Formulario de contacto<\/h3>\n<p>Si nos env\u00edas consultas a trav\u00e9s del formulario de contacto, tus datos del formulario de consulta, incluidos los datos de contacto que proporciones all\u00ed, ser\u00e1n almacenados por nosotros con el fin de procesar la consulta y en caso de preguntas de seguimiento. No transmitimos estos datos sin tu consentimiento.<\/p>\n<p>Estos datos se procesan sobre la base del Art. 6 p\u00e1rr. 1 lit. b GDPR, en la medida en que tu consulta est\u00e9 relacionada con el cumplimiento de un contrato o sea necesaria para la aplicaci\u00f3n de medidas precontractuales. En todos los dem\u00e1s casos, el tratamiento se basa en nuestro inter\u00e9s leg\u00edtimo en el tratamiento efectivo de las consultas que se nos dirigen (Art. 6 p\u00e1rr. 1 lit. f GDPR) o en tu consentimiento (Art. 6 p\u00e1rr. 1 lit. a GDPR) si se ha solicitado; el consentimiento puede revocarse en cualquier momento.<\/p>\n<p>Conservaremos los datos que nos proporciones en el formulario de contacto hasta que solicites su eliminaci\u00f3n, revoques tu consentimiento para su almacenamiento o deje de existir la finalidad de su almacenamiento (por ejemplo, despu\u00e9s de satisfacer tu solicitud). Las disposiciones legales obligatorias -en particular los periodos de conservaci\u00f3n- no se ven afectadas.<\/p>\n<h2>5. plugins y herramientas<\/h2>\n<h3>Google Fonts (alojamiento local)<\/h3>\n<p>Este sitio utiliza las llamadas Google Fonts, proporcionadas por Google, para la visualizaci\u00f3n estandarizada de fuentes. Las Google Fonts se instalan localmente. No se produce una conexi\u00f3n con los servidores de Google.<\/p>\n<p>Puedes encontrar m\u00e1s informaci\u00f3n sobre Google Fonts en <a href=\"https:\/\/developers.google.com\/fonts\/faq\" target=\"_blank\" rel=\"noopener noreferrer\">https:\/\/developers.google.com\/fonts\/faq<\/a> y en la pol\u00edtica de privacidad de Google: <a href=\"https:\/\/policies.google.com\/privacy?hl=de\" target=\"_blank\" rel=\"noopener noreferrer\">https:\/\/policies.google.com\/privacy?hl=de<\/a>.<\/p>\n\t\t\t\t\t\t\t\t<\/div>\n\t\t\t\t<\/div>\n\t\t\t\t\t<\/div>\n\t\t\t\t<\/div>\n\t\t\t\t<\/div>\n\t\t","protected":false},"excerpt":{"rendered":"<p>Pol\u00edtica de privacidad 1. la protecci\u00f3n de datos de un vistazo Informaci\u00f3n general La siguiente informaci\u00f3n proporciona una visi\u00f3n general sencilla de lo que ocurre con tus datos personales cuando visitas este sitio web. Los datos personales son todos los datos con los que se te puede identificar personalmente. Puedes encontrar informaci\u00f3n detallada sobre el [&hellip;]<\/p>\n","protected":false},"author":3,"featured_media":0,"parent":0,"menu_order":0,"comment_status":"closed","ping_status":"closed","template":"","meta":{"footnotes":""},"class_list":["post-2162","page","type-page","status-publish","hentry"],"_links":{"self":[{"href":"https:\/\/mangelmachtkrank.de\/es\/wp-json\/wp\/v2\/pages\/2162","targetHints":{"allow":["GET"]}}],"collection":[{"href":"https:\/\/mangelmachtkrank.de\/es\/wp-json\/wp\/v2\/pages"}],"about":[{"href":"https:\/\/mangelmachtkrank.de\/es\/wp-json\/wp\/v2\/types\/page"}],"author":[{"embeddable":true,"href":"https:\/\/mangelmachtkrank.de\/es\/wp-json\/wp\/v2\/users\/3"}],"replies":[{"embeddable":true,"href":"https:\/\/mangelmachtkrank.de\/es\/wp-json\/wp\/v2\/comments?post=2162"}],"version-history":[{"count":0,"href":"https:\/\/mangelmachtkrank.de\/es\/wp-json\/wp\/v2\/pages\/2162\/revisions"}],"wp:attachment":[{"href":"https:\/\/mangelmachtkrank.de\/es\/wp-json\/wp\/v2\/media?parent=2162"}],"curies":[{"name":"wp","href":"https:\/\/api.w.org\/{rel}","templated":true}]}}