{"id":2196,"date":"2024-01-11T08:33:14","date_gmt":"2024-01-11T07:33:14","guid":{"rendered":"https:\/\/mangelmachtkrank.de\/nadruk\/"},"modified":"2024-05-15T11:24:57","modified_gmt":"2024-05-15T09:24:57","slug":"nadruk","status":"publish","type":"page","link":"https:\/\/mangelmachtkrank.de\/pl\/nadruk\/","title":{"rendered":"Nadruk"},"content":{"rendered":"\t\t<div data-elementor-type=\"wp-page\" data-elementor-id=\"2196\" class=\"elementor elementor-2196 elementor-1546\" data-elementor-post-type=\"page\">\n\t\t\t\t<div class=\"elementor-element elementor-element-a57dc04 e-flex e-con-boxed e-con e-parent\" data-id=\"a57dc04\" data-element_type=\"container\" data-e-type=\"container\">\n\t\t\t\t\t<div class=\"e-con-inner\">\n\t\t\t\t<div class=\"elementor-element elementor-element-2197cf8 elementor-widget elementor-widget-text-editor\" data-id=\"2197cf8\" data-element_type=\"widget\" data-e-type=\"widget\" data-widget_type=\"text-editor.default\">\n\t\t\t\t<div class=\"elementor-widget-container\">\n\t\t\t\t\t\t\t\t\t<h1>Nadruk<\/h1>\n<h2>Informacje zgodnie z \u00a7 5 TMG<\/h2>\n<p>Inteligentniejsza medycyna UG<br \/>Altenseeweg 13<br \/>92536 Pfreimd<\/p>\n<p><strong>Reprezentowany przez:<\/strong><br \/>Wolfgang Endres<\/p>\n<h2>Skontaktuj si\u0119 z nami<\/h2>\n<p>Telefon: <a href=\"tel:+4915756552989\">+49 157 &#8211; 5655 2989<\/a><br \/>E-mail: <a href=\"mailto:info@magelmachtkrank.de\">info@magelmachtkrank.de<\/a><\/p>\n<h2>Odpowiedzialno\u015b\u0107 redakcyjna<\/h2>\n<p>Wolfgang Endres<\/p>\n<h2>Rozstrzyganie spor\u00f3w w UE<\/h2>\n<p>Komisja Europejska zapewnia platform\u0119 internetowego rozstrzygania spor\u00f3w (OS): <a href=\"https:\/\/ec.europa.eu\/consumers\/odr\/\" target=\"_blank\" rel=\"noopener noreferrer\">https:\/\/ec.europa.eu\/consumers\/odr\/<\/a>.<br \/>Nasz adres e-mail mo\u017cna znale\u017a\u0107 w powy\u017cszej nocie prawnej.<\/p>\n<h2>Rozstrzyganie spor\u00f3w konsumenckich\/uniwersalne centrum arbitra\u017cowe<\/h2>\n<p>Nie jeste\u015bmy sk\u0142onni ani zobowi\u0105zani do udzia\u0142u w post\u0119powaniu rozstrzygaj\u0105cym spory przed komisj\u0105 arbitra\u017cow\u0105 ds. konsument\u00f3w.<\/p>\n<p>Realizacja i koncepcja CP\u00b2-Medkom 2024<\/p>\n\t\t\t\t\t\t\t\t<\/div>\n\t\t\t\t<\/div>\n\t\t\t\t\t<\/div>\n\t\t\t\t<\/div>\n\t\t\t\t<\/div>\n\t\t","protected":false},"excerpt":{"rendered":"<p>Nadruk Informacje zgodnie z \u00a7 5 TMG Inteligentniejsza medycyna UGAltenseeweg 1392536 Pfreimd Reprezentowany przez:Wolfgang Endres Skontaktuj si\u0119 z nami Telefon: +49 157 &#8211; 5655 2989E-mail: info@magelmachtkrank.de Odpowiedzialno\u015b\u0107 redakcyjna Wolfgang Endres Rozstrzyganie spor\u00f3w w UE Komisja Europejska zapewnia platform\u0119 internetowego rozstrzygania spor\u00f3w (OS): https:\/\/ec.europa.eu\/consumers\/odr\/.Nasz adres e-mail mo\u017cna znale\u017a\u0107 w powy\u017cszej nocie prawnej. Rozstrzyganie spor\u00f3w konsumenckich\/uniwersalne centrum [&hellip;]<\/p>\n","protected":false},"author":3,"featured_media":0,"parent":0,"menu_order":0,"comment_status":"closed","ping_status":"closed","template":"","meta":{"footnotes":""},"class_list":["post-2196","page","type-page","status-publish","hentry"],"_links":{"self":[{"href":"https:\/\/mangelmachtkrank.de\/pl\/wp-json\/wp\/v2\/pages\/2196","targetHints":{"allow":["GET"]}}],"collection":[{"href":"https:\/\/mangelmachtkrank.de\/pl\/wp-json\/wp\/v2\/pages"}],"about":[{"href":"https:\/\/mangelmachtkrank.de\/pl\/wp-json\/wp\/v2\/types\/page"}],"author":[{"embeddable":true,"href":"https:\/\/mangelmachtkrank.de\/pl\/wp-json\/wp\/v2\/users\/3"}],"replies":[{"embeddable":true,"href":"https:\/\/mangelmachtkrank.de\/pl\/wp-json\/wp\/v2\/comments?post=2196"}],"version-history":[{"count":0,"href":"https:\/\/mangelmachtkrank.de\/pl\/wp-json\/wp\/v2\/pages\/2196\/revisions"}],"wp:attachment":[{"href":"https:\/\/mangelmachtkrank.de\/pl\/wp-json\/wp\/v2\/media?parent=2196"}],"curies":[{"name":"wp","href":"https:\/\/api.w.org\/{rel}","templated":true}]}}