{"id":2260,"date":"2024-01-11T08:41:25","date_gmt":"2024-01-11T07:41:25","guid":{"rendered":"https:\/\/mangelmachtkrank.de\/ochrona-danych\/"},"modified":"2024-05-15T11:25:03","modified_gmt":"2024-05-15T09:25:03","slug":"ochrona-danych","status":"publish","type":"page","link":"https:\/\/mangelmachtkrank.de\/pl\/ochrona-danych\/","title":{"rendered":"Ochrona danych"},"content":{"rendered":"\t\t<div data-elementor-type=\"wp-page\" data-elementor-id=\"2260\" class=\"elementor elementor-2260 elementor-1552\" data-elementor-post-type=\"page\">\n\t\t\t\t<div class=\"elementor-element elementor-element-9972301 e-flex e-con-boxed e-con e-parent\" data-id=\"9972301\" data-element_type=\"container\" data-e-type=\"container\">\n\t\t\t\t\t<div class=\"e-con-inner\">\n\t\t\t\t<div class=\"elementor-element elementor-element-b032b68 elementor-widget elementor-widget-text-editor\" data-id=\"b032b68\" data-element_type=\"widget\" data-e-type=\"widget\" data-widget_type=\"text-editor.default\">\n\t\t\t\t<div class=\"elementor-widget-container\">\n\t\t\t\t\t\t\t\t\t<h1>Polityka prywatno\u015bci<\/h1>\n<h2>1. ochrona danych w skr\u00f3cie<\/h2>\n<h3>Informacje og\u00f3lne<\/h3>\n<p>Poni\u017csze informacje stanowi\u0105 prosty przegl\u0105d tego, co dzieje si\u0119 z danymi osobowymi u\u017cytkownika podczas odwiedzania tej witryny. Dane osobowe to wszystkie dane, za pomoc\u0105 kt\u00f3rych mo\u017cna zidentyfikowa\u0107 u\u017cytkownika. Szczeg\u00f3\u0142owe informacje na temat ochrony danych mo\u017cna znale\u017a\u0107 w naszej polityce prywatno\u015bci wymienionej poni\u017cej tego tekstu.<\/p>\n<h3>Gromadzenie danych na tej stronie internetowej<\/h3>\n<h4>Kto jest odpowiedzialny za gromadzenie danych na tej stronie?<\/h4>\n<p>Przetwarzanie danych na tej stronie odbywa si\u0119 przez operatora strony. Ich dane kontaktowe mo\u017cna znale\u017a\u0107 w sekcji &#8222;Informacje o administratorze&#8221; w niniejszej polityce prywatno\u015bci.<\/p>\n<h4>W jaki spos\u00f3b gromadzimy dane u\u017cytkownik\u00f3w?<\/h4>\n<p>Z jednej strony, dane u\u017cytkownika s\u0105 gromadzone, gdy u\u017cytkownik nam je przekazuje. Mog\u0105 to by\u0107 na przyk\u0142ad dane wprowadzone przez u\u017cytkownika w formularzu kontaktowym.<\/p>\n<p>Inne dane s\u0105 gromadzone automatycznie lub za zgod\u0105 u\u017cytkownika przez nasze systemy informatyczne podczas odwiedzania strony internetowej. S\u0105 to przede wszystkim dane techniczne (np. przegl\u0105darka internetowa, system operacyjny lub czas wy\u015bwietlenia strony). Dane te s\u0105 gromadzone automatycznie po wej\u015bciu na stron\u0119.<\/p>\n<h4>Do czego wykorzystujemy dane u\u017cytkownik\u00f3w?<\/h4>\n<p>Niekt\u00f3re dane s\u0105 gromadzone w celu zapewnienia bezb\u0142\u0119dnego dzia\u0142ania strony internetowej. Inne dane mog\u0105 by\u0107 wykorzystywane do analizy zachowa\u0144 u\u017cytkownik\u00f3w.<\/p>\n<h4>Jakie prawa przys\u0142uguj\u0105 u\u017cytkownikowi w odniesieniu do jego danych?<\/h4>\n<p>U\u017cytkownik ma prawo do bezp\u0142atnego otrzymania w dowolnym momencie informacji o pochodzeniu, odbiorcy i celu przechowywanych danych osobowych. U\u017cytkownik ma r\u00f3wnie\u017c prawo za\u017c\u0105da\u0107 poprawienia lub usuni\u0119cia tych danych. Je\u015bli u\u017cytkownik wyrazi\u0142 zgod\u0119 na przetwarzanie danych, mo\u017ce j\u0105 cofn\u0105\u0107 w dowolnym momencie na przysz\u0142o\u015b\u0107. W pewnych okoliczno\u015bciach u\u017cytkownik ma r\u00f3wnie\u017c prawo za\u017c\u0105da\u0107 ograniczenia przetwarzania jego danych osobowych. Ponadto u\u017cytkownik ma prawo do z\u0142o\u017cenia skargi do w\u0142a\u015bciwego organu nadzorczego.<\/p>\n<p>U\u017cytkownik mo\u017ce skontaktowa\u0107 si\u0119 z nami w dowolnym momencie, je\u015bli ma dodatkowe pytania dotycz\u0105ce ochrony danych.<\/p>\n<h2>2. hosting<\/h2>\n<p>Tre\u015b\u0107 naszej strony internetowej jest hostowana przez nast\u0119puj\u0105cego dostawc\u0119:<\/p>\n<h3>IONOS<\/h3>\n<p>Dostawc\u0105 jest IONOS SE, Elgendorfer Str. 57, 56410 Montabaur (zwany dalej IONOS). Gdy u\u017cytkownik odwiedza nasz\u0105 witryn\u0119, IONOS rejestruje r\u00f3\u017cne pliki dziennika, w tym adresy IP u\u017cytkownik\u00f3w. Szczeg\u00f3\u0142owe informacje mo\u017cna znale\u017a\u0107 w polityce prywatno\u015bci IONOS: <a href=\"https:\/\/www.ionos.de\/terms-gtc\/terms-privacy\" target=\"_blank\" rel=\"noopener noreferrer\">https:\/\/www.ionos.de\/terms-gtc\/terms-privacy<\/a>.<\/p>\n<p>Korzystanie z systemu IONOS opiera si\u0119 na art. 6 ust. 1 litr. f RODO. Mamy uzasadniony interes w zapewnieniu, \u017ce nasza strona internetowa jest wy\u015bwietlana tak niezawodnie, jak to tylko mo\u017cliwe. Je\u015bli za\u017c\u0105dano odpowiedniej zgody, przetwarzanie odbywa si\u0119 wy\u0142\u0105cznie na podstawie art. 6 ust. 1 lit. a) RODO. 1 litr. a RODO i \u00a7 25 ust. 1 TTDSG, o ile zgoda obejmuje przechowywanie plik\u00f3w cookie lub dost\u0119p do informacji w urz\u0105dzeniu ko\u0144cowym u\u017cytkownika (np. pobieranie odcisk\u00f3w palc\u00f3w urz\u0105dzenia) w rozumieniu TTDSG. Zgoda mo\u017ce zosta\u0107 cofni\u0119ta w dowolnym momencie.<\/p>\n<h4>Przetwarzanie zam\u00f3wie\u0144<\/h4>\n<p>Zawarli\u015bmy umow\u0119 o realizacj\u0119 zam\u00f3wienia (AVV) na korzystanie z wy\u017cej wymienionej us\u0142ugi. Jest to umowa wymagana przez prawo o ochronie danych, kt\u00f3ra zapewnia, \u017ce administrator danych przetwarza dane osobowe odwiedzaj\u0105cych nasz\u0105 stron\u0119 internetow\u0105 wy\u0142\u0105cznie zgodnie z naszymi instrukcjami i zgodnie z RODO.<\/p>\n<h2>3 Uwagi og\u00f3lne i informacje obowi\u0105zkowe<\/h2>\n<h3>Ochrona danych<\/h3>\n<p>Operatorzy tych stron bardzo powa\u017cnie podchodz\u0105 do ochrony danych osobowych u\u017cytkownik\u00f3w. Dane osobowe u\u017cytkownik\u00f3w traktujemy poufnie i zgodnie z ustawowymi przepisami o ochronie danych oraz niniejsz\u0105 polityk\u0105 prywatno\u015bci.<\/p>\n<p>Podczas korzystania z tej witryny gromadzone s\u0105 r\u00f3\u017cne dane osobowe. Dane osobowe to dane, kt\u00f3re mo\u017cna wykorzysta\u0107 do osobistej identyfikacji u\u017cytkownika. Niniejsza polityka prywatno\u015bci wyja\u015bnia, jakie dane gromadzimy i do czego je wykorzystujemy. Wyja\u015bnia r\u00f3wnie\u017c, w jaki spos\u00f3b i w jakim celu jest to robione.<\/p>\n<p>Chcieliby\u015bmy zwr\u00f3ci\u0107 uwag\u0119, \u017ce transmisja danych przez Internet (np. podczas komunikacji za po\u015brednictwem poczty elektronicznej) mo\u017ce zawiera\u0107 luki w zabezpieczeniach. Pe\u0142na ochrona danych przed dost\u0119pem os\u00f3b trzecich nie jest mo\u017cliwa.<\/p>\n<h3>Uwaga dotycz\u0105ca podmiotu odpowiedzialnego<\/h3>\n<p>Administratorem odpowiedzialnym za przetwarzanie danych na tej stronie jest<\/p>\n<p>Inteligentniejsza medycyna UG<br \/>Wolfgang Endres<br \/>Altenseeweg 13<br \/>92536 Pfreimd<\/p>\n<p>Telefon: <a href=\"tel:+4915756552989\">+49 157 &#8211; 5655 2989<\/a><br \/>E-mail: <a href=\"mailto:info@mangelmachtkrank.de\">info@mangelmachtkrank.de<\/a><\/p>\n<p>Administrator danych to osoba fizyczna lub prawna, kt\u00f3ra samodzielnie lub wsp\u00f3lnie z innymi okre\u015bla cele i sposoby przetwarzania danych osobowych (np. imion i nazwisk, adres\u00f3w e-mail itp.).<\/p>\n<h3>Czas przechowywania<\/h3>\n<p>O ile w niniejszej polityce prywatno\u015bci nie okre\u015blono bardziej szczeg\u00f3\u0142owego okresu przechowywania, dane osobowe u\u017cytkownika pozostan\u0105 u nas do momentu ustania celu przetwarzania danych. Je\u015bli u\u017cytkownik z\u0142o\u017cy uzasadniony wniosek o usuni\u0119cie danych lub cofnie zgod\u0119 na ich przetwarzanie, jego dane zostan\u0105 usuni\u0119te, chyba \u017ce b\u0119dziemy mie\u0107 inne prawnie dopuszczalne powody do przechowywania jego danych osobowych (np. okresy przechowywania zgodnie z prawem podatkowym lub handlowym); w tym ostatnim przypadku usuni\u0119cie nast\u0105pi po ustaniu tych powod\u00f3w.<\/p>\n<h3>Og\u00f3lne informacje na temat podstawy prawnej przetwarzania danych na tej stronie internetowej<\/h3>\n<p>Je\u015bli u\u017cytkownik wyrazi\u0142 zgod\u0119 na przetwarzanie danych, przetwarzamy jego dane osobowe na podstawie art. 6 ust. 1 lit. a) RODO. 1 litr. a RODO i art. 9 ust. 2 litry. a RODO, w zakresie, w jakim szczeg\u00f3lne kategorie danych zgodnie z art. 9 ust. 1 RODO s\u0105 przetwarzane. W przypadku wyra\u017cenia wyra\u017anej zgody na przekazywanie danych osobowych do pa\u0144stw trzecich, przetwarzanie danych odbywa si\u0119 r\u00f3wnie\u017c na podstawie art. 49 par. 1 litr. a RODO. Je\u015bli u\u017cytkownik wyrazi\u0142 zgod\u0119 na przechowywanie plik\u00f3w cookie lub dost\u0119p do informacji w swoim urz\u0105dzeniu ko\u0144cowym (np. za po\u015brednictwem odcisk\u00f3w palc\u00f3w urz\u0105dzenia), przetwarzanie danych odbywa si\u0119 r\u00f3wnie\u017c na podstawie art. 25 ust. 1 RODO. 1 TTDSG. Zgoda mo\u017ce zosta\u0107 cofni\u0119ta w dowolnym momencie. Je\u015bli dane u\u017cytkownika s\u0105 wymagane do realizacji umowy lub wdro\u017cenia \u015brodk\u00f3w przedumownych, przetwarzamy dane u\u017cytkownika na podstawie art. 6 ust. 1 lit. a) RODO. 1 litr. b RODO. Ponadto przetwarzamy dane u\u017cytkownika, je\u015bli jest to konieczne do wype\u0142nienia obowi\u0105zku prawnego na podstawie art. 6 ust. 1 lit. a) RODO. 1 litr. c RODO. Przetwarzanie danych mo\u017ce r\u00f3wnie\u017c opiera\u0107 si\u0119 na naszym uzasadnionym interesie zgodnie z art. 6 ust. 1 litr. f DSGVO musi zosta\u0107 przeprowadzone. Informacje na temat odpowiednich podstaw prawnych w ka\u017cdym indywidualnym przypadku znajduj\u0105 si\u0119 w kolejnych punktach niniejszej polityki prywatno\u015bci.<\/p>\n<h3>Odbiorcy danych osobowych<\/h3>\n<p>W ramach naszej dzia\u0142alno\u015bci biznesowej wsp\u00f3\u0142pracujemy z r\u00f3\u017cnymi organizacjami zewn\u0119trznymi. W niekt\u00f3rych przypadkach konieczne jest r\u00f3wnie\u017c przekazanie danych osobowych tym organom zewn\u0119trznym. Przekazujemy dane osobowe organom zewn\u0119trznym tylko wtedy, gdy jest to konieczne do realizacji umowy, je\u015bli jeste\u015bmy do tego prawnie zobowi\u0105zani (np. przekazywanie danych organom podatkowym), je\u015bli mamy uzasadniony interes zgodnie z art. 6 ust. 1 lit. a RODO lub je\u015bli mamy uzasadniony interes w przetwarzaniu danych osobowych. 1 litr. f RODO lub je\u015bli inna podstawa prawna zezwala na przekazanie danych. Korzystaj\u0105c z us\u0142ug podmiot\u00f3w przetwarzaj\u0105cych, przekazujemy dane osobowe naszych klient\u00f3w wy\u0142\u0105cznie na podstawie wa\u017cnej umowy o przetwarzanie zam\u00f3wienia. W przypadku wsp\u00f3lnego przetwarzania danych zawierana jest umowa o wsp\u00f3lnym przetwarzaniu danych.<\/p>\n<h3>Cofni\u0119cie zgody na przetwarzanie danych<\/h3>\n<p>Wiele operacji przetwarzania danych jest mo\u017cliwych tylko za wyra\u017an\u0105 zgod\u0105 u\u017cytkownika. U\u017cytkownik mo\u017ce odwo\u0142a\u0107 swoj\u0105 zgod\u0119 w dowolnym momencie. Odwo\u0142anie nie ma wp\u0142ywu na zgodno\u015b\u0107 z prawem przetwarzania danych prowadzonego do momentu odwo\u0142ania.<\/p>\n<h3>Prawo do sprzeciwu wobec gromadzenia danych w szczeg\u00f3lnych przypadkach i marketingu bezpo\u015bredniego (art. 21 RODO)<\/h3>\n<p>JE\u017bELI PRZETWARZANIE DANYCH ODBYWA SI\u0118 NA PODSTAWIE ART. 6 ABS. 1 LIT. E LUB F RODO, U\u017bYTKOWNIK MA PRAWO W DOWOLNYM MOMENCIE WNIE\u015a\u0106 SPRZECIW WOBEC PRZETWARZANIA JEGO DANYCH OSOBOWYCH Z PRZYCZYN ZWI\u0104ZANYCH Z JEGO SZCZEG\u00d3LN\u0104 SYTUACJ\u0104; DOTYCZY TO R\u00d3WNIE\u017b PROFILOWANIA NA PODSTAWIE TYCH PRZEPIS\u00d3W. ODPOWIEDNI\u0104 PODSTAW\u0118 PRAWN\u0104, NA KT\u00d3REJ OPIERA SI\u0118 PRZETWARZANIE, MO\u017bNA ZNALE\u0179\u0106 W NINIEJSZEJ POLITYCE PRYWATNO\u015aCI. JE\u015aLI U\u017bYTKOWNIK WYRAZI SPRZECIW, NIE B\u0118DZIEMY JU\u017b PRZETWARZA\u0106 JEGO DANYCH OSOBOWYCH, CHYBA \u017bE B\u0118DZIEMY W STANIE WYKAZA\u0106 ISTNIENIE WA\u017bNYCH PRAWNIE UZASADNIONYCH PODSTAW DO PRZETWARZANIA, NADRZ\u0118DNYCH WOBEC INTERES\u00d3W, PRAW I WOLNO\u015aCI U\u017bYTKOWNIKA, LUB PRZETWARZANIE S\u0141U\u017bY USTALENIU, DOCHODZENIU LUB OBRONIE ROSZCZE\u0143 PRAWNYCH (SPRZECIW NA PODSTAWIE ART. 21 UST. 1 RODO).<\/p>\n<p>JE\u015aLI DANE OSOBOWE U\u017bYTKOWNIKA S\u0104 PRZETWARZANE DO CEL\u00d3W MARKETINGU BEZPO\u015aREDNIEGO, U\u017bYTKOWNIK MA PRAWO W DOWOLNYM MOMENCIE WNIE\u015a\u0106 SPRZECIW WOBEC PRZETWARZANIA DOTYCZ\u0104CYCH GO DANYCH OSOBOWYCH DO CEL\u00d3W TAKIEGO MARKETINGU, W TYM PROFILOWANIA W ZAKRESIE, W JAKIM JEST ONO ZWI\u0104ZANE Z TAKIM MARKETINGIEM BEZPO\u015aREDNIM. JE\u015aLI U\u017bYTKOWNIK WYRAZI SPRZECIW, JEGO DANE OSOBOWE NIE B\u0118D\u0104 JU\u017b WYKORZYSTYWANE DO CEL\u00d3W MARKETINGU BEZPO\u015aREDNIEGO (SPRZECIW ZGODNIE Z ART. 21 UST. 2 RODO).<\/p>\n<h3>Prawo do z\u0142o\u017cenia skargi do w\u0142a\u015bciwego organu nadzorczego<\/h3>\n<p>W przypadku naruszenia RODO osoby, kt\u00f3rych dane dotycz\u0105, maj\u0105 prawo wnie\u015b\u0107 skarg\u0119 do organu nadzorczego, w szczeg\u00f3lno\u015bci w pa\u0144stwie cz\u0142onkowskim swojego zwyk\u0142ego pobytu, swojego miejsca pracy lub miejsca pope\u0142nienia domniemanego naruszenia. Prawo do odwo\u0142ania istnieje bez uszczerbku dla innych administracyjnych lub s\u0105dowych \u015brodk\u00f3w odwo\u0142awczych.<\/p>\n<h3>Prawo do przenoszenia danych<\/h3>\n<p>U\u017cytkownik ma prawo do tego, aby dane, kt\u00f3re przetwarzamy automatycznie na podstawie jego zgody lub w ramach realizacji umowy, zosta\u0142y przekazane u\u017cytkownikowi lub stronie trzeciej w powszechnie u\u017cywanym formacie nadaj\u0105cym si\u0119 do odczytu maszynowego. Je\u015bli u\u017cytkownik za\u017c\u0105da bezpo\u015bredniego przekazania danych innemu administratorowi, zostanie to wykonane wy\u0142\u0105cznie w zakresie, w jakim jest to technicznie wykonalne.<\/p>\n<h3>Informacje, poprawianie i usuwanie<\/h3>\n<p>W ramach obowi\u0105zuj\u0105cych przepis\u00f3w prawnych u\u017cytkownik ma w ka\u017cdej chwili prawo do bezp\u0142atnej informacji o przechowywanych danych osobowych, ich pochodzeniu i odbiorcy oraz celu przetwarzania danych, a tak\u017ce, w razie potrzeby, prawo do sprostowania lub usuni\u0119cia tych danych. U\u017cytkownik mo\u017ce skontaktowa\u0107 si\u0119 z nami w dowolnym momencie, je\u015bli ma dodatkowe pytania dotycz\u0105ce danych osobowych.<\/p>\n<h3>Prawo do ograniczenia przetwarzania<\/h3>\n<p>U\u017cytkownik ma prawo za\u017c\u0105da\u0107 ograniczenia przetwarzania jego danych osobowych. W tym celu mo\u017cna skontaktowa\u0107 si\u0119 z nami w dowolnym momencie. Prawo do ograniczenia przetwarzania istnieje w nast\u0119puj\u0105cych przypadkach:<\/p>\n<ul>\n<li>Je\u015bli u\u017cytkownik kwestionuje dok\u0142adno\u015b\u0107 przechowywanych przez nas jego danych osobowych, zwykle potrzebujemy czasu, aby to sprawdzi\u0107. Na czas trwania przegl\u0105du u\u017cytkownik ma prawo za\u017c\u0105da\u0107 ograniczenia przetwarzania jego danych osobowych.<\/li>\n<li>Je\u015bli przetwarzanie danych osobowych u\u017cytkownika by\u0142o\/jest niezgodne z prawem, u\u017cytkownik mo\u017ce za\u017c\u0105da\u0107 ograniczenia przetwarzania danych zamiast ich usuni\u0119cia.<\/li>\n<li>Je\u015bli nie potrzebujemy ju\u017c danych osobowych u\u017cytkownika, ale s\u0105 one potrzebne do wykonania, obrony lub dochodzenia roszcze\u0144 prawnych, u\u017cytkownik ma prawo za\u017c\u0105da\u0107 ograniczenia przetwarzania swoich danych osobowych zamiast ich usuni\u0119cia.<\/li>\n<li>W przypadku wniesienia sprzeciwu zgodnie z art. 21 ust. 1 RODO, nale\u017cy zachowa\u0107 r\u00f3wnowag\u0119 mi\u0119dzy interesami u\u017cytkownika a naszymi. Dop\u00f3ki nie zostanie ustalone, czyje interesy przewa\u017caj\u0105, u\u017cytkownik ma prawo \u017c\u0105da\u0107 ograniczenia przetwarzania jego danych osobowych.<\/li>\n<\/ul>\n<p>Je\u015bli u\u017cytkownik ograniczy\u0142 przetwarzanie swoich danych osobowych, dane te &#8211; poza ich przechowywaniem &#8211; mog\u0105 by\u0107 przetwarzane wy\u0142\u0105cznie za jego zgod\u0105 lub w celu ustalenia, dochodzenia lub obrony roszcze\u0144, lub w celu ochrony praw innej osoby fizycznej lub prawnej, lub z uwagi na wa\u017cny interes publiczny Unii Europejskiej lub pa\u0144stwa cz\u0142onkowskiego.<\/p>\n<h3>Szyfrowanie SSL lub TLS<\/h3>\n<p>Ta witryna wykorzystuje szyfrowanie SSL lub TLS ze wzgl\u0119d\u00f3w bezpiecze\u0144stwa i w celu ochrony transmisji poufnych tre\u015bci, takich jak zam\u00f3wienia lub zapytania wysy\u0142ane do nas jako operatora witryny. Po\u0142\u0105czenie szyfrowane mo\u017cna rozpozna\u0107 po tym, \u017ce wiersz adresu przegl\u0105darki zmienia si\u0119 z &#8222;http:\/\/&#8221; na &#8222;https:\/\/&#8221; oraz po symbolu k\u0142\u00f3dki w wierszu przegl\u0105darki.<\/p>\n<p>Je\u015bli szyfrowanie SSL lub TLS jest w\u0142\u0105czone, dane przesy\u0142ane do nas nie mog\u0105 by\u0107 odczytane przez osoby trzecie.<\/p>\n<h2>4. gromadzenie danych na tej stronie internetowej<\/h2>\n<h3>Pliki cookie<\/h3>\n<p>Nasze strony internetowe wykorzystuj\u0105 tzw. pliki cookie. Pliki cookie to niewielkie pakiety danych, kt\u00f3re nie powoduj\u0105 \u017cadnych szk\u00f3d w urz\u0105dzeniu ko\u0144cowym u\u017cytkownika. S\u0105 one przechowywane tymczasowo na czas trwania sesji (sesyjne pliki cookie) lub na sta\u0142e (sta\u0142e pliki cookie) na urz\u0105dzeniu ko\u0144cowym u\u017cytkownika. Sesyjne pliki cookie s\u0105 automatycznie usuwane po zako\u0144czeniu wizyty. Sta\u0142e pliki cookie s\u0105 przechowywane na urz\u0105dzeniu ko\u0144cowym u\u017cytkownika do momentu ich usuni\u0119cia przez u\u017cytkownika lub automatycznego usuni\u0119cia przez przegl\u0105dark\u0119 internetow\u0105.<\/p>\n<p>Pliki cookie mog\u0105 pochodzi\u0107 od nas (w\u0142asne pliki cookie) lub od firm zewn\u0119trznych (tzw. zewn\u0119trzne pliki cookie). Pliki cookie stron trzecich umo\u017cliwiaj\u0105 integracj\u0119 niekt\u00f3rych us\u0142ug firm zewn\u0119trznych w witrynach internetowych (np. pliki cookie do przetwarzania us\u0142ug p\u0142atniczych).<\/p>\n<p>Pliki cookie pe\u0142ni\u0105 r\u00f3\u017cne funkcje. Wiele plik\u00f3w cookie jest technicznie niezb\u0119dnych, poniewa\u017c niekt\u00f3re funkcje witryny nie dzia\u0142a\u0142yby bez nich (np. funkcja koszyka zakup\u00f3w lub wy\u015bwietlanie film\u00f3w). Inne pliki cookie mog\u0105 by\u0107 wykorzystywane do analizy zachowa\u0144 u\u017cytkownik\u00f3w lub do cel\u00f3w reklamowych.<\/p>\n<p>Pliki cookie, kt\u00f3re s\u0105 wymagane do przeprowadzenia procesu komunikacji elektronicznej, zapewnienia okre\u015blonych funkcji, o kt\u00f3re prosi\u0142 u\u017cytkownik (np. dla funkcji koszyka zakup\u00f3w) lub optymalizacji strony internetowej (np. pliki cookie do pomiaru ogl\u0105dalno\u015bci strony internetowej) (niezb\u0119dne pliki cookie) s\u0105 przechowywane na podstawie art. 6 ust. 1 lit. a RODO. 1 litr. f RODO, chyba \u017ce okre\u015blono inn\u0105 podstaw\u0119 prawn\u0105. Operator strony internetowej ma uzasadniony interes w przechowywaniu niezb\u0119dnych plik\u00f3w cookie w celu technicznie bezb\u0142\u0119dnego i zoptymalizowanego \u015bwiadczenia swoich us\u0142ug. Je\u015bli za\u017c\u0105dano zgody na przechowywanie plik\u00f3w cookie i por\u00f3wnywalnych technologii rozpoznawania, przetwarzanie odbywa si\u0119 wy\u0142\u0105cznie na podstawie tej zgody (art. 6 ust. 1 lit. a RODO i \u00a7 25 ust. 1 TTDSG); zgoda mo\u017ce zosta\u0107 odwo\u0142ana w dowolnym momencie.<\/p>\n<p>U\u017cytkownik mo\u017ce ustawi\u0107 swoj\u0105 przegl\u0105dark\u0119 w taki spos\u00f3b, aby by\u0142 informowany o ustawieniach plik\u00f3w cookie i zezwala\u0142 na pliki cookie tylko w indywidualnych przypadkach, wyklucza\u0142 akceptacj\u0119 plik\u00f3w cookie w okre\u015blonych przypadkach lub og\u00f3lnie oraz aktywowa\u0142 automatyczne usuwanie plik\u00f3w cookie po zamkni\u0119ciu przegl\u0105darki. Je\u015bli pliki cookie zostan\u0105 wy\u0142\u0105czone, funkcjonalno\u015b\u0107 tej witryny mo\u017ce by\u0107 ograniczona.<\/p>\n<p>Informacje o tym, kt\u00f3re pliki cookie i us\u0142ugi s\u0105 u\u017cywane w tej witrynie, mo\u017cna znale\u017a\u0107 w niniejszej polityce prywatno\u015bci.<\/p>\n<h3>Zgoda z Complianz<\/h3>\n<p>Nasza witryna internetowa korzysta z technologii zgody firmy Complianz w celu uzyskania zgody u\u017cytkownika na przechowywanie okre\u015blonych plik\u00f3w cookie na urz\u0105dzeniu ko\u0144cowym lub na korzystanie z okre\u015blonych technologii oraz w celu udokumentowania ich zgodnie z przepisami o ochronie danych. Dostawc\u0105 tej technologii jest firma Complianz B.V., Kalmarweg 14-5, 9723 JG Groningen, Holandia (zwana dalej &#8222;Complianz&#8221;).<\/p>\n<p>Complianz jest hostowany na naszych serwerach, wi\u0119c nie jest nawi\u0105zywane \u017cadne po\u0142\u0105czenie z serwerami dostawcy Complianz. Complianz przechowuje plik cookie w przegl\u0105darce u\u017cytkownika, aby m\u00f3c przypisa\u0107 udzielone zgody lub je odwo\u0142a\u0107. Dane zebrane w ten spos\u00f3b s\u0105 przechowywane do momentu, gdy u\u017cytkownik poprosi nas o ich usuni\u0119cie, sam usunie plik cookie Complianz lub gdy cel przechowywania danych przestanie obowi\u0105zywa\u0107. Obowi\u0105zkowe ustawowe obowi\u0105zki przechowywania pozostaj\u0105 nienaruszone.<\/p>\n<p>Complianz s\u0142u\u017cy do uzyskiwania wymaganej prawem zgody na korzystanie z plik\u00f3w cookie. Podstaw\u0105 prawn\u0105 jest art. 6 ust. 1 litr. c RODO.<\/p>\n<h3>Formularz kontaktowy<\/h3>\n<p>Je\u015bli u\u017cytkownik prze\u015ble nam zapytanie za po\u015brednictwem formularza kontaktowego, jego dane z formularza zapytania, w tym podane tam dane kontaktowe, b\u0119d\u0105 przechowywane przez nas w celu przetworzenia zapytania oraz w przypadku dalszych pyta\u0144. Nie przekazujemy tych danych bez zgody u\u017cytkownika.<\/p>\n<p>Dane te s\u0105 przetwarzane na podstawie art. 6 ust. 1 litr. b RODO, o ile zapytanie u\u017cytkownika jest zwi\u0105zane z realizacj\u0105 umowy lub jest niezb\u0119dne do wdro\u017cenia \u015brodk\u00f3w przedumownych. We wszystkich innych przypadkach przetwarzanie odbywa si\u0119 na podstawie naszego uzasadnionego interesu w skutecznym przetwarzaniu kierowanych do nas zapyta\u0144 (art. 6 ust. 1 lit. f RODO) lub na podstawie zgody u\u017cytkownika (art. 6 ust. 1 lit. a RODO), je\u015bli zosta\u0142a ona udzielona; zgoda mo\u017ce zosta\u0107 odwo\u0142ana w dowolnym momencie.<\/p>\n<p>B\u0119dziemy przechowywa\u0107 dane podane przez u\u017cytkownika w formularzu kontaktowym, dop\u00f3ki nie za\u017c\u0105da on ich usuni\u0119cia, nie cofnie zgody na ich przechowywanie lub nie ustanie cel ich przechowywania (np. po spe\u0142nieniu \u017c\u0105dania u\u017cytkownika). Obowi\u0105zkowe przepisy ustawowe &#8211; w szczeg\u00f3lno\u015bci okresy przechowywania &#8211; pozostaj\u0105 nienaruszone.<\/p>\n<h2>5. wtyczki i narz\u0119dzia<\/h2>\n<h3>Czcionki Google (lokalny hosting)<\/h3>\n<p>Ta witryna korzysta z tak zwanych czcionek Google Fonts, kt\u00f3re s\u0105 dostarczane przez Google w celu znormalizowanego wy\u015bwietlania czcionek. Czcionki Google s\u0105 instalowane lokalnie. Po\u0142\u0105czenie z serwerami Google nie jest nawi\u0105zywane.<\/p>\n<p>Wi\u0119cej informacji na temat Google Fonts mo\u017cna znale\u017a\u0107 na stronie <a href=\"https:\/\/developers.google.com\/fonts\/faq\" target=\"_blank\" rel=\"noopener noreferrer\">https:\/\/developers.google.com\/fonts\/faq<\/a> oraz w polityce prywatno\u015bci Google: <a href=\"https:\/\/policies.google.com\/privacy?hl=de\" target=\"_blank\" rel=\"noopener noreferrer\">https:\/\/policies.google.com\/privacy?hl=de<\/a>.<\/p>\n\t\t\t\t\t\t\t\t<\/div>\n\t\t\t\t<\/div>\n\t\t\t\t\t<\/div>\n\t\t\t\t<\/div>\n\t\t\t\t<\/div>\n\t\t","protected":false},"excerpt":{"rendered":"<p>Polityka prywatno\u015bci 1. ochrona danych w skr\u00f3cie Informacje og\u00f3lne Poni\u017csze informacje stanowi\u0105 prosty przegl\u0105d tego, co dzieje si\u0119 z danymi osobowymi u\u017cytkownika podczas odwiedzania tej witryny. Dane osobowe to wszystkie dane, za pomoc\u0105 kt\u00f3rych mo\u017cna zidentyfikowa\u0107 u\u017cytkownika. Szczeg\u00f3\u0142owe informacje na temat ochrony danych mo\u017cna znale\u017a\u0107 w naszej polityce prywatno\u015bci wymienionej poni\u017cej tego tekstu. Gromadzenie danych [&hellip;]<\/p>\n","protected":false},"author":3,"featured_media":0,"parent":0,"menu_order":0,"comment_status":"closed","ping_status":"closed","template":"","meta":{"footnotes":""},"class_list":["post-2260","page","type-page","status-publish","hentry"],"_links":{"self":[{"href":"https:\/\/mangelmachtkrank.de\/pl\/wp-json\/wp\/v2\/pages\/2260","targetHints":{"allow":["GET"]}}],"collection":[{"href":"https:\/\/mangelmachtkrank.de\/pl\/wp-json\/wp\/v2\/pages"}],"about":[{"href":"https:\/\/mangelmachtkrank.de\/pl\/wp-json\/wp\/v2\/types\/page"}],"author":[{"embeddable":true,"href":"https:\/\/mangelmachtkrank.de\/pl\/wp-json\/wp\/v2\/users\/3"}],"replies":[{"embeddable":true,"href":"https:\/\/mangelmachtkrank.de\/pl\/wp-json\/wp\/v2\/comments?post=2260"}],"version-history":[{"count":0,"href":"https:\/\/mangelmachtkrank.de\/pl\/wp-json\/wp\/v2\/pages\/2260\/revisions"}],"wp:attachment":[{"href":"https:\/\/mangelmachtkrank.de\/pl\/wp-json\/wp\/v2\/media?parent=2260"}],"curies":[{"name":"wp","href":"https:\/\/api.w.org\/{rel}","templated":true}]}}